{"id":1510,"date":"2023-06-15T12:41:45","date_gmt":"2023-06-15T10:41:45","guid":{"rendered":"https:\/\/sgp-edo.com\/mentions-legales\/"},"modified":"2023-06-20T09:17:21","modified_gmt":"2023-06-20T07:17:21","slug":"legal-notice","status":"publish","type":"page","link":"https:\/\/sgp-edo.com\/en\/legal-notice\/","title":{"rendered":"Legal notice"},"content":{"rendered":"<h1>Legal notice<\/h1>\n<h2>The company<\/h2>\n<div>\n<p><strong>Soci\u00e9t\u00e9 Grassoise de Parfumerie<\/strong><\/p>\n<p><span uk-icon=\"location\"><\/span>  12, bd Pasteur \u2022 BP 82103<br \/>\n06131 GRASSE Cedex \u2022<br \/>\nFRANCE<br \/>\n    <span uk-icon=\"receiver\"><\/span> +33 4 92 60 78 60<br \/>\n    <span uk-icon=\"mail\"><\/span> contact@sgp-edo.eu<br \/>\n    <br \/>\n   <span uk-icon=\"user\"><\/span>  Dirigeant : Andr\u00e9 Truchi<\/p>\n<p><span uk-icon=\"info\"><\/span> SAS au capital de 2 000 000 \u20ac \u2022 Num\u00e9ro SIREN : 300318516 \u2022 Num\u00e9ro SIRET (si\u00e8ge) : 30031851600022 \u2022 Num\u00e9ro TVA Intracommunautaire : FR63300318516 \u2022 RCS Grasse B 300 318 516 du 08\/11\/1973 \u2022 Code NAF ou APE : Fabrication d&#8217;autres produits chimiques\n    <\/div>\n<h2>Host<\/h2>\n<div><strong>Lueur Externe<\/strong><br \/>\n<span uk-icon=\"location\"><\/span> Parc d\u2019Activit\u00e9s des Bois de Grasse \u2022 1, avenue Louison Bobet \u2022 06130 GRASSE<br \/>\n<span uk-icon=\"receiver\"><\/span> T\u00e9l : +33 (0)4 93 42 33 18<br \/>\n<span uk-icon=\"mail\"><\/span> Contact : muriel@lueurexterne.com ou cdp@lueurexterne.com<br \/>\n<span uk-icon=\"desktop\"><\/span> <a href=\"https:\/\/lueurexterne.com\/\"> lueurexterne.com<\/a><br \/>\n<span uk-icon=\"info\"><\/span> SARL LUEUR EXTERNE au capital de 20 000 euros \/444 793 418 R.C.S Grasse \/ Siret : 44479341800039 \/ NAF : 6201Z \/ N\u00b0 TVA Intra-communautaire : FR57444793418<\/div>\n<h2>Cookie use policy<br \/>\n<\/h2>\n<div>When you visit our website, cookies are placed on your computer, cell phone or tablet. Our site is designed to be attentive to the needs and expectations of our readers. That&#8217;s why we use cookies to identify you, for example. This page gives you a better understanding of how cookies work and how to set them.\n<\/div>\n<div><span class=\"uk-text-meta\">DEFINITION OF A COOKIE<br \/>\n<\/span><br \/>\n    <\/p>\n<p>A cookie is a text file stored on your computer when you visit a site or view an advertisement. Its purpose is to collect information about your browsing habits and to provide you with services tailored to your terminal (computer, cell phone or tablet). Cookies are managed by your web browser.<\/p><\/div>\n<div><span class=\"uk-text-meta\">CONFIGURE YOUR WEB BROWSER<\/span><br \/>\n    <\/p>\n<p>You can deactivate cookies at any time. Your browser can also be set to notify you when cookies are placed on your computer, and to ask you whether or not you wish to accept them. You can accept or refuse cookies on a case-by-case basis, or refuse them systematically. We remind you that this setting may modify your access conditions to our content and services requiring the use of cookies. If your browser is configured to refuse all cookies, you will not be able to use some of our services. In order to manage cookies more closely to your expectations, we invite you to configure your browser according to the purpose of the cookies.<\/p><\/div>\n<p><!--more--><br \/>\n<!-- {\"type\":\"layout\",\"children\":[{\"name\":\"Soci\\u00e9t\\u00e9\",\"type\":\"section\",\"props\":{\"image_position\":\"center-center\",\"image_size\":\"cover\",\"padding_remove_bottom\":false,\"style\":\"default\",\"title_breakpoint\":\"xl\",\"title_position\":\"top-left\",\"title_rotation\":\"left\",\"vertical_align\":\"middle\",\"width\":\"default\"},\"children\":[{\"type\":\"row\",\"props\":{\"margin\":\"default\"},\"children\":[{\"type\":\"column\",\"props\":{\"image_position\":\"center-center\",\"media_overlay_gradient\":\"\",\"position_sticky_breakpoint\":\"m\"},\"children\":[{\"type\":\"headline\",\"props\":{\"content\":\"Legal notice\",\"margin\":\"default\",\"margin_remove_top\":true,\"title_element\":\"h1\"}}]}]},{\"type\":\"row\",\"props\":{\"margin\":\"remove-vertical\",\"vertical_align\":true},\"children\":[{\"type\":\"column\",\"props\":{\"image_position\":\"center-center\",\"media_overlay_gradient\":\"\",\"position_sticky_breakpoint\":\"m\",\"width_medium\":\"1-1\"},\"children\":[{\"type\":\"headline\",\"props\":{\"content\":\"The company\",\"title_decoration\":\"line\",\"title_element\":\"h2\",\"title_style\":\"h3\"}},{\"type\":\"text\",\"props\":{\"block_align\":\"right\",\"column_breakpoint\":\"m\",\"content\":\"\n\n<p><strong>Soci\\u00e9t\\u00e9 Grassoise de Parfumerie<\\\/strong><br \/>\\n    \\n<span uk-icon=\\\"location\\\"><\\\/span>  12, bd Pasteur \\u2022 BP 82103\\n06131 GRASSE Cedex \\u2022\\nFRANCE<br \/>\\n    <span uk-icon=\\\"receiver\\\"><\\\/span> +33 4 92 60 78 60<br \/>\\n    <span uk-icon=\\\"mail\\\"><\\\/span> contact@sgp-edo.eu\\n    <br \/>\\n   <span uk-icon=\\\"user\\\"><\\\/span>  Dirigeant : Andr\\u00e9 Truchi\\n    \\n    \n\n<p><span uk-icon=\\\"info\\\"><\\\/span> SAS au capital de 2 000 000 \\u20ac \\u2022 Num\\u00e9ro SIREN : 300318516 \\u2022 Num\\u00e9ro SIRET (si\\u00e8ge) : 30031851600022 \\u2022 Num\\u00e9ro TVA Intracommunautaire : FR63300318516 \\u2022 RCS Grasse B 300 318 516 du 08\\\/11\\\/1973 \\u2022 Code NAF ou APE : Fabrication d'autres produits chimiques\\n    \",\"margin\":\"default\",\"maxwidth\":\"2xlarge\"}}]}]},{\"type\":\"row\",\"props\":{\"margin\":\"medium\",\"vertical_align\":true},\"children\":[{\"type\":\"column\",\"props\":{\"image_position\":\"center-center\",\"media_overlay_gradient\":\"\",\"position_sticky_breakpoint\":\"m\",\"width_medium\":\"1-1\"},\"children\":[{\"type\":\"headline\",\"props\":{\"content\":\"Host\",\"title_decoration\":\"line\",\"title_element\":\"h2\",\"title_style\":\"h3\"}},{\"type\":\"text\",\"props\":{\"block_align\":\"right\",\"column_breakpoint\":\"m\",\"content\":\"<strong>Lueur Externe<\\\/strong><br \/>\\n<span uk-icon=\\\"location\\\"><\\\/span> Parc d\\u2019Activit\\u00e9s des Bois de Grasse \\u2022 1, avenue Louison Bobet \\u2022 06130 GRASSE<br \/>\\n<span uk-icon=\\\"receiver\\\"><\\\/span> T\\u00e9l : +33 (0)4 93 42 33 18<br \/>\\n<span uk-icon=\\\"mail\\\"><\\\/span> Contact : muriel@lueurexterne.com ou cdp@lueurexterne.com<br \/>\\n<span uk-icon=\\\"desktop\\\"><\\\/span> <a href=\\\"https:\\\/\\\/lueurexterne.com\\\/\\\"> lueurexterne.com<\\\/a><br \/>\\n<span uk-icon=\\\"info\\\"><\\\/span> SARL LUEUR EXTERNE au capital de 20 000 euros \\\/444 793 418 R.C.S Grasse \\\/ Siret : 44479341800039 \\\/ NAF : 6201Z \\\/ N\\u00b0 TVA Intra-communautaire : FR57444793418\",\"margin\":\"default\",\"maxwidth\":\"2xlarge\"}}]}]},{\"type\":\"row\",\"props\":{\"margin\":\"medium\",\"vertical_align\":true},\"children\":[{\"type\":\"column\",\"props\":{\"image_position\":\"center-center\",\"media_overlay_gradient\":\"\",\"position_sticky_breakpoint\":\"m\",\"vertical_align\":\"middle\",\"width_medium\":\"1-1\"},\"children\":[{\"type\":\"headline\",\"props\":{\"content\":\"Cookie use policy\\n\",\"title_decoration\":\"line\",\"title_element\":\"h2\",\"title_style\":\"h3\"}},{\"type\":\"text\",\"props\":{\"block_align\":\"right\",\"column_breakpoint\":\"m\",\"content\":\"When you visit our website, cookies are placed on your computer, cell phone or tablet. Our site is designed to be attentive to the needs and expectations of our readers. That's why we use cookies to identify you, for example. This page gives you a better understanding of how cookies work and how to set them.\\n\",\"margin\":\"medium\",\"maxwidth\":\"2xlarge\"}},{\"type\":\"text\",\"props\":{\"block_align\":\"right\",\"column_breakpoint\":\"m\",\"content\":\"<span class=\\\"uk-text-meta\\\">DEFINITION OF A COOKIE\\n<\\\/span>\\n    <br \/>\\n\\nA cookie is a text file stored on your computer when you visit a site or view an advertisement. Its purpose is to collect information about your browsing habits and to provide you with services tailored to your terminal (computer, cell phone or tablet). Cookies are managed by your web browser.\",\"margin\":\"medium\",\"maxwidth\":\"2xlarge\"}},{\"type\":\"text\",\"props\":{\"block_align\":\"right\",\"column_breakpoint\":\"m\",\"content\":\"<span class=\\\"uk-text-meta\\\">CONFIGURE YOUR WEB BROWSER<\\\/span>\\n    <br \/>\\n\\nYou can deactivate cookies at any time. Your browser can also be set to notify you when cookies are placed on your computer, and to ask you whether or not you wish to accept them. You can accept or refuse cookies on a case-by-case basis, or refuse them systematically. We remind you that this setting may modify your access conditions to our content and services requiring the use of cookies. If your browser is configured to refuse all cookies, you will not be able to use some of our services. In order to manage cookies more closely to your expectations, we invite you to configure your browser according to the purpose of the cookies.\",\"margin\":\"medium\",\"maxwidth\":\"2xlarge\"}}]}]}]}],\"version\":\"3.0.32\"} --><\/p>\n","protected":false},"excerpt":{"rendered":"<p>Legal notice The company Soci\u00e9t\u00e9 Grassoise de Parfumerie 12, bd Pasteur \u2022 BP 82103 06131 GRASSE Cedex \u2022 FRANCE +33 4 92 60 78 60 contact@sgp-edo.eu Dirigeant : Andr\u00e9 Truchi SAS au capital de 2 000 000 \u20ac \u2022 Num\u00e9ro SIREN : 300318516 \u2022 Num\u00e9ro SIRET (si\u00e8ge) : 30031851600022 \u2022 Num\u00e9ro TVA Intracommunautaire : FR63300318516 [&hellip;]<\/p>\n","protected":false},"author":1,"featured_media":0,"parent":0,"menu_order":0,"comment_status":"closed","ping_status":"closed","template":"","meta":{"footnotes":""},"class_list":["post-1510","page","type-page","status-publish","hentry"],"yoast_head":"<!-- This site is optimized with the Yoast SEO plugin v25.3 - https:\/\/yoast.com\/wordpress\/plugins\/seo\/ -->\n<title>Legal notice - Soci\u00e9t\u00e9 Grassoise de Parfumerie - MP<\/title>\n<meta name=\"robots\" content=\"index, follow, max-snippet:-1, max-image-preview:large, max-video-preview:-1\" \/>\n<link rel=\"canonical\" href=\"https:\/\/sgp-edo.com\/en\/legal-notice\/\" \/>\n<meta property=\"og:locale\" content=\"en_US\" \/>\n<meta property=\"og:type\" content=\"article\" \/>\n<meta property=\"og:title\" content=\"Legal notice - Soci\u00e9t\u00e9 Grassoise de Parfumerie - MP\" \/>\n<meta property=\"og:description\" content=\"Legal notice The company Soci\u00e9t\u00e9 Grassoise de Parfumerie 12, bd Pasteur \u2022 BP 82103 06131 GRASSE Cedex \u2022 FRANCE +33 4 92 60 78 60 contact@sgp-edo.eu Dirigeant : Andr\u00e9 Truchi SAS au capital de 2 000 000 \u20ac \u2022 Num\u00e9ro SIREN : 300318516 \u2022 Num\u00e9ro SIRET (si\u00e8ge) : 30031851600022 \u2022 Num\u00e9ro TVA Intracommunautaire : FR63300318516 [&hellip;]\" \/>\n<meta property=\"og:url\" content=\"https:\/\/sgp-edo.com\/en\/legal-notice\/\" \/>\n<meta property=\"og:site_name\" content=\"Soci\u00e9t\u00e9 Grassoise de Parfumerie - MP\" \/>\n<meta property=\"article:modified_time\" content=\"2023-06-20T07:17:21+00:00\" \/>\n<meta name=\"twitter:card\" content=\"summary_large_image\" \/>\n<meta name=\"twitter:label1\" content=\"Est. reading time\" \/>\n\t<meta name=\"twitter:data1\" content=\"4 minutes\" \/>\n<script type=\"application\/ld+json\" class=\"yoast-schema-graph\">{\"@context\":\"https:\/\/schema.org\",\"@graph\":[{\"@type\":\"WebPage\",\"@id\":\"https:\/\/sgp-edo.com\/en\/legal-notice\/\",\"url\":\"https:\/\/sgp-edo.com\/en\/legal-notice\/\",\"name\":\"Legal notice - Soci\u00e9t\u00e9 Grassoise de Parfumerie - MP\",\"isPartOf\":{\"@id\":\"https:\/\/sgp-edo.com\/en\/#website\"},\"datePublished\":\"2023-06-15T10:41:45+00:00\",\"dateModified\":\"2023-06-20T07:17:21+00:00\",\"breadcrumb\":{\"@id\":\"https:\/\/sgp-edo.com\/en\/legal-notice\/#breadcrumb\"},\"inLanguage\":\"en-US\",\"potentialAction\":[{\"@type\":\"ReadAction\",\"target\":[\"https:\/\/sgp-edo.com\/en\/legal-notice\/\"]}]},{\"@type\":\"BreadcrumbList\",\"@id\":\"https:\/\/sgp-edo.com\/en\/legal-notice\/#breadcrumb\",\"itemListElement\":[{\"@type\":\"ListItem\",\"position\":1,\"name\":\"Accueil\",\"item\":\"https:\/\/sgp-edo.com\/en\/\"},{\"@type\":\"ListItem\",\"position\":2,\"name\":\"Legal notice\"}]},{\"@type\":\"WebSite\",\"@id\":\"https:\/\/sgp-edo.com\/en\/#website\",\"url\":\"https:\/\/sgp-edo.com\/en\/\",\"name\":\"Soci\u00e9t\u00e9 Grassoise de Parfumerie - MP\",\"description\":\"Fabrication de mati\u00e8res premi\u00e8res destin\u00e9es \u00e0 la fabrication de concentr\u00e9s de parfums\",\"potentialAction\":[{\"@type\":\"SearchAction\",\"target\":{\"@type\":\"EntryPoint\",\"urlTemplate\":\"https:\/\/sgp-edo.com\/en\/?s={search_term_string}\"},\"query-input\":{\"@type\":\"PropertyValueSpecification\",\"valueRequired\":true,\"valueName\":\"search_term_string\"}}],\"inLanguage\":\"en-US\"}]}<\/script>\n<!-- \/ Yoast SEO plugin. -->","yoast_head_json":{"title":"Legal notice - Soci\u00e9t\u00e9 Grassoise de Parfumerie - MP","robots":{"index":"index","follow":"follow","max-snippet":"max-snippet:-1","max-image-preview":"max-image-preview:large","max-video-preview":"max-video-preview:-1"},"canonical":"https:\/\/sgp-edo.com\/en\/legal-notice\/","og_locale":"en_US","og_type":"article","og_title":"Legal notice - Soci\u00e9t\u00e9 Grassoise de Parfumerie - MP","og_description":"Legal notice The company Soci\u00e9t\u00e9 Grassoise de Parfumerie 12, bd Pasteur \u2022 BP 82103 06131 GRASSE Cedex \u2022 FRANCE +33 4 92 60 78 60 contact@sgp-edo.eu Dirigeant : Andr\u00e9 Truchi SAS au capital de 2 000 000 \u20ac \u2022 Num\u00e9ro SIREN : 300318516 \u2022 Num\u00e9ro SIRET (si\u00e8ge) : 30031851600022 \u2022 Num\u00e9ro TVA Intracommunautaire : FR63300318516 [&hellip;]","og_url":"https:\/\/sgp-edo.com\/en\/legal-notice\/","og_site_name":"Soci\u00e9t\u00e9 Grassoise de Parfumerie - MP","article_modified_time":"2023-06-20T07:17:21+00:00","twitter_card":"summary_large_image","twitter_misc":{"Est. reading time":"4 minutes"},"schema":{"@context":"https:\/\/schema.org","@graph":[{"@type":"WebPage","@id":"https:\/\/sgp-edo.com\/en\/legal-notice\/","url":"https:\/\/sgp-edo.com\/en\/legal-notice\/","name":"Legal notice - Soci\u00e9t\u00e9 Grassoise de Parfumerie - MP","isPartOf":{"@id":"https:\/\/sgp-edo.com\/en\/#website"},"datePublished":"2023-06-15T10:41:45+00:00","dateModified":"2023-06-20T07:17:21+00:00","breadcrumb":{"@id":"https:\/\/sgp-edo.com\/en\/legal-notice\/#breadcrumb"},"inLanguage":"en-US","potentialAction":[{"@type":"ReadAction","target":["https:\/\/sgp-edo.com\/en\/legal-notice\/"]}]},{"@type":"BreadcrumbList","@id":"https:\/\/sgp-edo.com\/en\/legal-notice\/#breadcrumb","itemListElement":[{"@type":"ListItem","position":1,"name":"Accueil","item":"https:\/\/sgp-edo.com\/en\/"},{"@type":"ListItem","position":2,"name":"Legal notice"}]},{"@type":"WebSite","@id":"https:\/\/sgp-edo.com\/en\/#website","url":"https:\/\/sgp-edo.com\/en\/","name":"Soci\u00e9t\u00e9 Grassoise de Parfumerie - MP","description":"Fabrication de mati\u00e8res premi\u00e8res destin\u00e9es \u00e0 la fabrication de concentr\u00e9s de parfums","potentialAction":[{"@type":"SearchAction","target":{"@type":"EntryPoint","urlTemplate":"https:\/\/sgp-edo.com\/en\/?s={search_term_string}"},"query-input":{"@type":"PropertyValueSpecification","valueRequired":true,"valueName":"search_term_string"}}],"inLanguage":"en-US"}]}},"_links":{"self":[{"href":"https:\/\/sgp-edo.com\/en\/wp-json\/wp\/v2\/pages\/1510","targetHints":{"allow":["GET"]}}],"collection":[{"href":"https:\/\/sgp-edo.com\/en\/wp-json\/wp\/v2\/pages"}],"about":[{"href":"https:\/\/sgp-edo.com\/en\/wp-json\/wp\/v2\/types\/page"}],"author":[{"embeddable":true,"href":"https:\/\/sgp-edo.com\/en\/wp-json\/wp\/v2\/users\/1"}],"replies":[{"embeddable":true,"href":"https:\/\/sgp-edo.com\/en\/wp-json\/wp\/v2\/comments?post=1510"}],"version-history":[{"count":9,"href":"https:\/\/sgp-edo.com\/en\/wp-json\/wp\/v2\/pages\/1510\/revisions"}],"predecessor-version":[{"id":1594,"href":"https:\/\/sgp-edo.com\/en\/wp-json\/wp\/v2\/pages\/1510\/revisions\/1594"}],"wp:attachment":[{"href":"https:\/\/sgp-edo.com\/en\/wp-json\/wp\/v2\/media?parent=1510"}],"curies":[{"name":"wp","href":"https:\/\/api.w.org\/{rel}","templated":true}]}}